{"id":50706,"date":"2018-01-30T16:09:29","date_gmt":"2018-01-30T21:09:29","guid":{"rendered":"https:\/\/abc-inspection.com\/?page_id=50706"},"modified":"2022-03-11T10:09:26","modified_gmt":"2022-03-11T15:09:26","slug":"deroulement-inspection-batiment","status":"publish","type":"page","link":"https:\/\/abc-inspection.com\/?page_id=50706","title":{"rendered":"D\u00e9roulement d&#8217;une inspection en b\u00e2timent"},"content":{"rendered":"<p>[et_pb_section fb_built=&#8221;1&#8243; fullwidth=&#8221;on&#8221; _builder_version=&#8221;4.9.1&#8243; global_module=&#8221;50428&#8243; global_colors_info=&#8221;{}&#8221;][et_pb_fullwidth_post_title meta=&#8221;off&#8221; featured_placement=&#8221;background&#8221; _builder_version=&#8221;3.0.90&#8243; title_font=&#8221;Nunito Sans|900|||||||&#8221; title_font_size=&#8221;40px&#8221; use_background_color_gradient=&#8221;on&#8221; background_color_gradient_start=&#8221;#ffffff&#8221; background_color_gradient_end=&#8221;#999999&#8243; background_color_gradient_direction=&#8221;45deg&#8221; background_blend=&#8221;screen&#8221; custom_padding=&#8221;15%||15%|&#8221; custom_padding_tablet=&#8221;&#8221; custom_padding_phone=&#8221;30%||30%|&#8221; custom_padding_last_edited=&#8221;on|phone&#8221; animation_style=&#8221;fade&#8221; title_font_size_tablet=&#8221;&#8221; title_font_size_phone=&#8221;20px&#8221; title_font_size_last_edited=&#8221;on|phone&#8221; global_colors_info=&#8221;{}&#8221;]<\/p>\n<p>\u00a0<\/p>\n<p>[\/et_pb_fullwidth_post_title][\/et_pb_section][et_pb_section fb_built=&#8221;1&#8243; admin_label=&#8221;Our Process Section&#8221; _builder_version=&#8221;4.9.1&#8243; background_color=&#8221;#e2e2e2&#8243; background_image=&#8221;https:\/\/abc-inspection.com\/wp-content\/uploads\/2021\/03\/AdobeStock_55479151.jpg&#8221; background_size=&#8221;initial&#8221; background_repeat=&#8221;repeat&#8221; background_blend=&#8221;multiply&#8221; custom_padding=&#8221;100px|0px|100px|0px&#8221; global_colors_info=&#8221;{}&#8221;][et_pb_row admin_label=&#8221;Tittle Row&#8221; _builder_version=&#8221;3.25&#8243; global_colors_info=&#8221;{}&#8221;][et_pb_column type=&#8221;4_4&#8243; _builder_version=&#8221;3.25&#8243; custom_padding=&#8221;|||&#8221; global_colors_info=&#8221;{}&#8221; custom_padding__hover=&#8221;|||&#8221;][et_pb_text _builder_version=&#8221;3.27.4&#8243; text_font=&#8221;Nunito Sans||||||||&#8221; text_text_color=&#8221;rgba(37,53,66,0.7)&#8221; text_line_height=&#8221;1.8em&#8221; header_font=&#8221;|900|||||||&#8221; header_2_font=&#8221;|800|||||||&#8221; text_orientation=&#8221;center&#8221; max_width_last_edited=&#8221;off|desktop&#8221; module_alignment=&#8221;center&#8221; global_colors_info=&#8221;{}&#8221;]<\/p>\n<h4>Pr\u00e9voir de 2 \u00e0 3 heures pour l\u2019inspection. La dur\u00e9e de l\u2019inspection est variable selon la grandeur, les d\u00e9fauts d\u00e9tect\u00e9s s\u2019il y a lieu et l\u2019\u00e2ge du b\u00e2timent. Explication verbale, prise des photos, remise de la documentation et signature des contrats.<\/h4>\n<p>[\/et_pb_text][\/et_pb_column][\/et_pb_row][et_pb_row column_structure=&#8221;1_2,1_2&#8243; use_custom_gutter=&#8221;on&#8221; gutter_width=&#8221;1&#8243; admin_label=&#8221;Process&#8221; _builder_version=&#8221;3.25&#8243; global_colors_info=&#8221;{}&#8221;][et_pb_column type=&#8221;1_2&#8243; _builder_version=&#8221;3.25&#8243; custom_padding=&#8221;|||&#8221; global_colors_info=&#8221;{}&#8221; custom_padding__hover=&#8221;|||&#8221;][et_pb_blurb title=&#8221;1. Rencontre&#8221; _builder_version=&#8221;4.14.9&#8243; header_font=&#8221;Nunito Sans|900|||||||&#8221; header_text_color=&#8221;#253542&#8243; header_letter_spacing=&#8221;5px&#8221; header_line_height=&#8221;1.4em&#8221; body_font=&#8221;Nunito Sans||||||||&#8221; body_text_color=&#8221;rgba(37,53,66,0.7)&#8221; body_line_height=&#8221;1.8em&#8221; background_color=&#8221;#f4f5f8&#8243; custom_padding=&#8221;50px|50px|50px|50px&#8221; animation_style=&#8221;zoom&#8221; animation_direction=&#8221;right&#8221; animation_intensity_zoom=&#8221;10%&#8221; hover_enabled=&#8221;0&#8243; global_colors_info=&#8221;{}&#8221; sticky_enabled=&#8221;0&#8243;]<\/p>\n<p>Rencontre entre l\u2019inspecteur, client acheteur, courtier immobilier et propri\u00e9taire vendeur<\/p>\n<p>[\/et_pb_blurb][\/et_pb_column][et_pb_column type=&#8221;1_2&#8243; _builder_version=&#8221;3.25&#8243; custom_padding=&#8221;|||&#8221; global_colors_info=&#8221;{}&#8221; custom_padding__hover=&#8221;|||&#8221;][\/et_pb_column][\/et_pb_row][et_pb_row column_structure=&#8221;1_2,1_2&#8243; use_custom_gutter=&#8221;on&#8221; gutter_width=&#8221;1&#8243; admin_label=&#8221;Process&#8221; _builder_version=&#8221;3.25&#8243; global_colors_info=&#8221;{}&#8221;][et_pb_column type=&#8221;1_2&#8243; _builder_version=&#8221;3.25&#8243; custom_padding=&#8221;|||&#8221; global_colors_info=&#8221;{}&#8221; custom_padding__hover=&#8221;|||&#8221;][\/et_pb_column][et_pb_column type=&#8221;1_2&#8243; _builder_version=&#8221;3.25&#8243; custom_padding=&#8221;|||&#8221; global_colors_info=&#8221;{}&#8221; custom_padding__hover=&#8221;|||&#8221;][et_pb_blurb title=&#8221;2. Ext\u00e9rieur&#8221; _builder_version=&#8221;4.13.0&#8243; header_font=&#8221;|900||on|||||&#8221; header_text_color=&#8221;#ffffff&#8221; body_font=&#8221;Nunito Sans||||||||&#8221; body_text_color=&#8221;rgba(255,255,255,0.7)&#8221; body_line_height=&#8221;1.8em&#8221; background_color=&#8221;#79ABAB&#8221; custom_padding=&#8221;50px|50px|50px|50px&#8221; animation_style=&#8221;zoom&#8221; animation_direction=&#8221;left&#8221; animation_intensity_zoom=&#8221;10%&#8221; animation=&#8221;off&#8221; global_colors_info=&#8221;{}&#8221;]Visite de l\u2019ext\u00e9rieur des lieux.<br \/>\n[\/et_pb_blurb][\/et_pb_column][\/et_pb_row][et_pb_row column_structure=&#8221;1_2,1_2&#8243; use_custom_gutter=&#8221;on&#8221; gutter_width=&#8221;1&#8243; admin_label=&#8221;Process&#8221; _builder_version=&#8221;3.25&#8243; global_colors_info=&#8221;{}&#8221;][et_pb_column type=&#8221;1_2&#8243; _builder_version=&#8221;3.25&#8243; custom_padding=&#8221;|||&#8221; global_colors_info=&#8221;{}&#8221; custom_padding__hover=&#8221;|||&#8221;][et_pb_blurb title=&#8221;3. B\u00e2timent&#8221; _builder_version=&#8221;4.13.0&#8243; header_font=&#8221;|900||on|||||&#8221; header_text_color=&#8221;#ffffff&#8221; body_font=&#8221;Nunito Sans||||||||&#8221; body_text_color=&#8221;rgba(255,255,255,0.7)&#8221; body_line_height=&#8221;1.8em&#8221; background_color=&#8221;#253542&#8243; custom_padding=&#8221;50px|50px|50px|50px&#8221; animation_style=&#8221;zoom&#8221; animation_direction=&#8221;right&#8221; animation_intensity_zoom=&#8221;10%&#8221; animation=&#8221;off&#8221; global_colors_info=&#8221;{}&#8221;]Visite du rez-de-chauss\u00e9e et de l\u2019\u00e9tage.<br \/>\n[\/et_pb_blurb][\/et_pb_column][et_pb_column type=&#8221;1_2&#8243; _builder_version=&#8221;3.25&#8243; custom_padding=&#8221;|||&#8221; global_colors_info=&#8221;{}&#8221; custom_padding__hover=&#8221;|||&#8221;][\/et_pb_column][\/et_pb_row][et_pb_row column_structure=&#8221;1_2,1_2&#8243; use_custom_gutter=&#8221;on&#8221; gutter_width=&#8221;1&#8243; admin_label=&#8221;Process&#8221; _builder_version=&#8221;3.25&#8243; global_colors_info=&#8221;{}&#8221;][et_pb_column type=&#8221;1_2&#8243; _builder_version=&#8221;3.25&#8243; custom_padding=&#8221;|||&#8221; global_colors_info=&#8221;{}&#8221; custom_padding__hover=&#8221;|||&#8221;][\/et_pb_column][et_pb_column type=&#8221;1_2&#8243; _builder_version=&#8221;3.25&#8243; custom_padding=&#8221;|||&#8221; global_colors_info=&#8221;{}&#8221; custom_padding__hover=&#8221;|||&#8221;][et_pb_blurb title=&#8221;4. Garage&#8221; _builder_version=&#8221;4.13.0&#8243; header_font=&#8221;|900||on|||||&#8221; header_text_color=&#8221;#ffffff&#8221; body_font=&#8221;Nunito Sans||||||||&#8221; body_text_color=&#8221;rgba(255,255,255,0.7)&#8221; body_line_height=&#8221;1.8em&#8221; background_color=&#8221;#ed6f53&#8243; custom_padding=&#8221;50px|50px|50px|50px&#8221; animation_style=&#8221;zoom&#8221; animation_direction=&#8221;left&#8221; animation_intensity_zoom=&#8221;10%&#8221; animation=&#8221;off&#8221; global_colors_info=&#8221;{}&#8221;]Visite du garage attach\u00e9 s\u2019il y a lieu.<br \/>\n[\/et_pb_blurb][\/et_pb_column][\/et_pb_row][et_pb_row column_structure=&#8221;1_2,1_2&#8243; use_custom_gutter=&#8221;on&#8221; gutter_width=&#8221;1&#8243; admin_label=&#8221;Process&#8221; _builder_version=&#8221;3.25&#8243; global_colors_info=&#8221;{}&#8221;][et_pb_column type=&#8221;1_2&#8243; _builder_version=&#8221;3.25&#8243; custom_padding=&#8221;|||&#8221; global_colors_info=&#8221;{}&#8221; custom_padding__hover=&#8221;|||&#8221;][et_pb_blurb title=&#8221;5. Sous-sol&#8221; _builder_version=&#8221;4.13.0&#8243; header_font=&#8221;|900||on|||||&#8221; header_text_color=&#8221;#253542&#8243; body_font=&#8221;Nunito Sans||||||||&#8221; body_text_color=&#8221;rgba(37,53,66,0.7)&#8221; body_line_height=&#8221;1.8em&#8221; background_color=&#8221;#f4f5f8&#8243; custom_padding=&#8221;50px|50px|50px|50px&#8221; animation_style=&#8221;zoom&#8221; animation_direction=&#8221;right&#8221; animation_intensity_zoom=&#8221;10%&#8221; global_colors_info=&#8221;{}&#8221;]Visite du sous-sol ou vide sanitaire.<br \/>\n[\/et_pb_blurb][\/et_pb_column][et_pb_column type=&#8221;1_2&#8243; _builder_version=&#8221;3.25&#8243; custom_padding=&#8221;|||&#8221; global_colors_info=&#8221;{}&#8221; custom_padding__hover=&#8221;|||&#8221;][\/et_pb_column][\/et_pb_row][et_pb_row column_structure=&#8221;1_2,1_2&#8243; use_custom_gutter=&#8221;on&#8221; gutter_width=&#8221;1&#8243; admin_label=&#8221;Process&#8221; _builder_version=&#8221;3.25&#8243; global_colors_info=&#8221;{}&#8221;][et_pb_column type=&#8221;1_2&#8243; _builder_version=&#8221;3.25&#8243; custom_padding=&#8221;|||&#8221; global_colors_info=&#8221;{}&#8221; custom_padding__hover=&#8221;|||&#8221;][\/et_pb_column][et_pb_column type=&#8221;1_2&#8243; _builder_version=&#8221;3.25&#8243; custom_padding=&#8221;|||&#8221; global_colors_info=&#8221;{}&#8221; custom_padding__hover=&#8221;|||&#8221;][et_pb_blurb title=&#8221;6. Entre-toit&#8221; _builder_version=&#8221;4.13.0&#8243; header_font=&#8221;|900||on|||||&#8221; header_text_color=&#8221;#ffffff&#8221; body_font=&#8221;Nunito Sans||||||||&#8221; body_text_color=&#8221;rgba(255,255,255,0.7)&#8221; body_line_height=&#8221;1.8em&#8221; background_color=&#8221;#79ABAB&#8221; custom_padding=&#8221;50px|50px|50px|50px&#8221; animation_style=&#8221;zoom&#8221; animation_direction=&#8221;left&#8221; animation_intensity_zoom=&#8221;10%&#8221; animation=&#8221;off&#8221; global_colors_info=&#8221;{}&#8221;]Visite de l\u2019entre-toit.<br \/>\n[\/et_pb_blurb][\/et_pb_column][\/et_pb_row][et_pb_row column_structure=&#8221;1_2,1_2&#8243; use_custom_gutter=&#8221;on&#8221; gutter_width=&#8221;1&#8243; admin_label=&#8221;Process&#8221; _builder_version=&#8221;3.25&#8243; global_colors_info=&#8221;{}&#8221;][et_pb_column type=&#8221;1_2&#8243; _builder_version=&#8221;3.25&#8243; custom_padding=&#8221;|||&#8221; global_colors_info=&#8221;{}&#8221; custom_padding__hover=&#8221;|||&#8221;][et_pb_blurb title=&#8221;7. FINALISATION&#8221; _builder_version=&#8221;4.14.9&#8243; header_font=&#8221;|900||on|||||&#8221; header_text_color=&#8221;#ffffff&#8221; body_font=&#8221;Nunito Sans||||||||&#8221; body_text_color=&#8221;rgba(255,255,255,0.7)&#8221; body_line_height=&#8221;1.8em&#8221; background_color=&#8221;#253542&#8243; custom_padding=&#8221;50px|50px|50px|50px&#8221; animation_style=&#8221;zoom&#8221; animation_direction=&#8221;right&#8221; animation_intensity_zoom=&#8221;10%&#8221; animation=&#8221;off&#8221; hover_enabled=&#8221;0&#8243; global_colors_info=&#8221;{}&#8221; sticky_enabled=&#8221;0&#8243;]Signature de la convention de service et de l&#8217;attestation d\u2019ex\u00e9cution d\u2019une inspection. Remise du paiement.[\/et_pb_blurb][\/et_pb_column][et_pb_column type=&#8221;1_2&#8243; _builder_version=&#8221;3.25&#8243; custom_padding=&#8221;|||&#8221; global_colors_info=&#8221;{}&#8221; custom_padding__hover=&#8221;|||&#8221;][\/et_pb_column][\/et_pb_row][\/et_pb_section]<\/p>\n","protected":false},"excerpt":{"rendered":"<p>Pr\u00e9voir de 2 \u00e0 3 heures pour l\u2019inspection. La dur\u00e9e de l\u2019inspection est variable selon la grandeur, les d\u00e9fauts d\u00e9tect\u00e9s s\u2019il y a lieu et l\u2019\u00e2ge du b\u00e2timent.<\/p>\n","protected":false},"author":1,"featured_media":50809,"parent":0,"menu_order":0,"comment_status":"closed","ping_status":"closed","template":"","meta":{"_et_pb_use_builder":"on","_et_pb_old_content":"","_et_gb_content_width":""},"_links":{"self":[{"href":"https:\/\/abc-inspection.com\/index.php?rest_route=\/wp\/v2\/pages\/50706"}],"collection":[{"href":"https:\/\/abc-inspection.com\/index.php?rest_route=\/wp\/v2\/pages"}],"about":[{"href":"https:\/\/abc-inspection.com\/index.php?rest_route=\/wp\/v2\/types\/page"}],"author":[{"embeddable":true,"href":"https:\/\/abc-inspection.com\/index.php?rest_route=\/wp\/v2\/users\/1"}],"replies":[{"embeddable":true,"href":"https:\/\/abc-inspection.com\/index.php?rest_route=%2Fwp%2Fv2%2Fcomments&post=50706"}],"version-history":[{"count":12,"href":"https:\/\/abc-inspection.com\/index.php?rest_route=\/wp\/v2\/pages\/50706\/revisions"}],"predecessor-version":[{"id":50867,"href":"https:\/\/abc-inspection.com\/index.php?rest_route=\/wp\/v2\/pages\/50706\/revisions\/50867"}],"wp:featuredmedia":[{"embeddable":true,"href":"https:\/\/abc-inspection.com\/index.php?rest_route=\/wp\/v2\/media\/50809"}],"wp:attachment":[{"href":"https:\/\/abc-inspection.com\/index.php?rest_route=%2Fwp%2Fv2%2Fmedia&parent=50706"}],"curies":[{"name":"wp","href":"https:\/\/api.w.org\/{rel}","templated":true}]}}